{"id":32786,"date":"2025-09-29T13:43:34","date_gmt":"2025-09-29T05:43:34","guid":{"rendered":"https:\/\/www.flyroyalbrunei.com\/vietnam\/?page_id=32786"},"modified":"2025-09-29T13:54:10","modified_gmt":"2025-09-29T05:54:10","slug":"tang-ngay-15kg-hanh-ly-ky-gui-thoa-suc-mang-theo-ca-nha-den-chan-troi-moi","status":"publish","type":"page","link":"https:\/\/www.flyroyalbrunei.com\/vietnam\/en\/book-manage\/tang-ngay-15kg-hanh-ly-ky-gui-thoa-suc-mang-theo-ca-nha-den-chan-troi-moi\/","title":{"rendered":"T\u1eb6NG NGAY 15KG H\u00c0NH L\u00dd K\u00dd G\u1eecI &#8211; TH\u1eceA S\u1ee8C MANG THEO C\u1ea2 &#8220;NH\u00c0&#8221; \u0110\u1ebeN CH\u00c2N TR\u1edcI M\u1edaI"},"content":{"rendered":"<div class=\"wpb-content-wrapper\"><p>[vc_row][vc_column][vc_column_text css=&#8221;&#8221;]<span style=\"font-weight: 400;\">B\u1ea1n \u0111ang chu\u1ea9n b\u1ecb h\u00e0nh trang cho chuy\u1ebfn du h\u1ecdc d\u00e0i ng\u00e0y t\u1ea1i Anh, \u00dac hay Nh\u1eadt B\u1ea3n? \u0110\u1eebng lo l\u1eafng v\u1ec1 vi\u1ec7c ph\u1ea3i b\u1ecf l\u1ea1i nh\u1eefng quy\u1ec3n s\u00e1ch y\u00eau th\u00edch, b\u1ed9 trang ph\u1ee5c truy\u1ec1n th\u1ed1ng hay c\u1ea3 nh\u1eefng g\u00f3i gia v\u1ecb Vi\u1ec7t Nam. Royal Brunei Airlines mang \u0111\u1ebfn \u01b0u \u0111\u00e3i \u0111\u1eb7c bi\u1ec7t gi\u00fap b\u1ea1n mang theo nhi\u1ec1u h\u01a1n nh\u1eefng g\u00ec b\u1ea1n y\u00eau qu\u00fd.<\/span>[\/vc_column_text][vc_empty_space][vc_single_image image=&#8221;32788&#8243; img_size=&#8221;full&#8221; css=&#8221;&#8221;][vc_empty_space][vc_column_text css=&#8221;&#8221;]<\/p>\n<h3><b>\u00c1P D\u1ee4NG CHO C\u00c1C CH\u1eb6NG T\u1eea H\u1ed2 CH\u00cd MINH \u0110\u1ebeN (qu\u00e1 c\u1ea3nh t\u1ea1i Brunei):<\/b><\/h3>\n<ul>\n<li style=\"font-weight: 400;\"><span style=\"font-weight: 400;\">London, UK &#8211; H\u1ecdc t\u1eadp t\u1ea1i x\u1ee9 s\u1edf s\u01b0\u01a1ng m\u00f9<\/span><\/li>\n<li style=\"font-weight: 400;\"><span style=\"font-weight: 400;\">Melbourne, \u00dac &#8211; Kh\u1edfi \u0111\u1ea7u h\u00e0nh tr\u00ecnh Down Under<\/span><\/li>\n<li style=\"font-weight: 400;\"><span style=\"font-weight: 400;\">Tokyo (Narita), Nh\u1eadt B\u1ea3n &#8211; \u0110\u1eb7t ch\u00e2n \u0111\u1ebfn \u0111\u1ea5t n\u01b0\u1edbc m\u1eb7t tr\u1eddi m\u1ecdc<\/span><\/li>\n<\/ul>\n<p>[\/vc_column_text][vc_empty_space][vc_column_text css=&#8221;&#8221;]<\/p>\n<h3><b>\u0110I\u1ec0U KI\u1ec6N NH\u1eacN \u01afU \u0110\u00c3I<\/b><\/h3>\n<p><span style=\"font-weight: 400;\">Ch\u1ec9 c\u1ea7n b\u1ea1n thu\u1ed9c m\u1ed9t trong nh\u1eefng nh\u00f3m \u0111\u1ed1i t\u01b0\u1ee3ng sau:<\/span><\/p>\n<p><span style=\"font-weight: 400;\">\ud83c\udf93 Du h\u1ecdc sinh c\u00f3:<\/span><\/p>\n<ul>\n<li style=\"font-weight: 400;\"><span style=\"font-weight: 400;\">Th\u1ecb th\u1ef1c sinh vi\u00ean (Student Visa) c\u00f2n hi\u1ec7u l\u1ef1c trong h\u1ed9 chi\u1ebfu, HO\u1eb6C<\/span><\/li>\n<li style=\"font-weight: 400;\"><span style=\"font-weight: 400;\">Th\u1ebb sinh vi\u00ean qu\u1ed1c t\u1ebf (Student ID\/Student Pass) c\u00f2n hi\u1ec7u l\u1ef1c, HO\u1eb6C<\/span><\/li>\n<li style=\"font-weight: 400;\"><span style=\"font-weight: 400;\">Th\u01b0 ch\u1ea5p nh\u1eadn nh\u1eadp h\u1ecdc t\u1eeb tr\u01b0\u1eddng \u0110\u1ea1i h\u1ecdc\/Cao \u0111\u1eb3ng (Letter of Acceptance).<\/span><\/li>\n<\/ul>\n<p><span style=\"font-weight: 400;\">\u2708\ufe0f Thanh ni\u00ean c\u00f3:<\/span><\/p>\n<ul>\n<li style=\"font-weight: 400;\"><span style=\"font-weight: 400;\">Th\u1ebb Du l\u1ecbch Thanh ni\u00ean Qu\u1ed1c t\u1ebf (International Youth Travel Card &#8211; IYTC) c\u00f2n hi\u1ec7u l\u1ef1c (th\u01b0\u1eddng d\u00e0nh cho l\u1ee9a tu\u1ed5i 18-30).<\/span><\/li>\n<\/ul>\n<p><span style=\"font-weight: 400;\">\ud83c\udf0f Thanh ni\u00ean c\u00f3:<\/span><\/p>\n<ul>\n<li style=\"font-weight: 400;\"><span style=\"font-weight: 400;\">Th\u1ecb th\u1ef1c L\u00e0m vi\u1ec7c K\u1ef3 ngh\u1ec9 (Working Holiday Visa) c\u00f2n hi\u1ec7u l\u1ef1c.<\/span><\/li>\n<\/ul>\n<p>[\/vc_column_text][vc_empty_space][vc_column_text css=&#8221;&#8221;]<\/p>\n<h3><b>L\u01afU \u00dd QUAN TR\u1eccNG:\u00a0<\/b><\/h3>\n<p><span style=\"font-weight: 400;\">H\u00e3y nh\u1edb xu\u1ea5t tr\u00ecnh c\u00e1c gi\u1ea5y t\u1edd g\u1ed1c n\u00e0y t\u1ea1i qu\u1ea7y l\u00e0m th\u1ee7 t\u1ee5c check-in \u0111\u1ec3 \u0111\u01b0\u1ee3c h\u01b0\u1edfng \u01b0u \u0111\u00e3i. H\u00e3y photo s\u1eb5n m\u1ed9t b\u1ea3n v\u00e0 mang theo \u0111\u1ec3 \u0111\u1ed1i chi\u1ebfu.<\/span>[\/vc_column_text][vc_empty_space][vc_column_text css=&#8221;&#8221;]<\/p>\n<h3><b>T\u1ea0I SAO N\u00caN BAY C\u00d9NG ROYAL BRUNEI?<\/b><\/h3>\n<p><span style=\"font-weight: 400;\">\u2705 Gi\u00e1 \u0111\u00e3 bao g\u1ed3m thu\u1ebf, ph\u00ed, HLXT t\u1eeb 7kg, HLKG t\u1eeb 20KG.<\/span><span style=\"font-weight: 400;\"><br \/>\n<\/span><span style=\"font-weight: 400;\">\u2705 <\/span><b>C\u00e1c ch\u1eb7ng bay t\u1eeb TP.H\u1ed3 Ch\u00ed Minh \u0111\u1ebfn Tokyo (Narita), Melbourne, London, Dubai, Jakarta, Chennai, mi\u1ec5n ph\u00ed 1 \u0111\u00eam kh\u00e1ch s\u1ea1n khi qu\u00e1 c\u1ea3nh t\u1ea1i Brunei.<\/b><b><br \/>\n<\/b><span style=\"font-weight: 400;\">\u2705 Mi\u1ec5n ph\u00ed 15kg HLKG cho h\u00e0nh kh\u00e1ch l\u00e0 du h\u1ecdc sinh.<\/span><span style=\"font-weight: 400;\"><br \/>\n<\/span><span style=\"font-weight: 400;\">\u2705 Su\u1ea5t \u0103n phong ph\u00fa, dinh d\u01b0\u1ee1ng kh\u00f4ng lo b\u1ee5ng r\u00e9o khi bay<\/span><span style=\"font-weight: 400;\"><br \/>\n<\/span><span style=\"font-weight: 400;\">\u2705 Qu\u00e1 c\u1ea3nh ng\u1eafn, h\u00e0nh l\u00fd chuy\u1ec3n ti\u1ebfp li\u1ec1n m\u1ea1ch<\/span><span style=\"font-weight: 400;\"><br \/>\n<\/span><span style=\"font-weight: 400;\">\u2705 Gh\u1ebf ng\u1ed3i tho\u1ea3i m\u00e1i, \u0111i\u1ec1u ch\u1ec9nh \u0111\u1ed9 ng\u1ea3 linh ho\u1ea1t, l\u00fd t\u01b0\u1edfng cho c\u00e1c ch\u1eb7ng bay d\u00e0i<\/span>[\/vc_column_text][vc_empty_space][vc_column_text css=&#8221;&#8221;]<\/p>\n<h3><span style=\"font-weight: 400;\">C\u00d2N CH\u1ea6N CH\u1eea G\u00cc N\u1eeeA?<\/span><\/h3>\n<p><span style=\"font-weight: 400;\"><br \/>\n<\/span><span style=\"font-weight: 400;\">H\u00e0nh tr\u00ecnh du h\u1ecdc c\u1ee7a b\u1ea1n x\u1ee9ng \u0111\u00e1ng c\u00f3 m\u1ed9t kh\u1edfi \u0111\u1ea7u su\u00f4n s\u1ebb v\u00e0 ti\u1ec7n l\u1ee3i nh\u1ea5t. H\u00e3y t\u1eadn d\u1ee5ng \u01b0u \u0111\u00e3i \u0111\u1eb7c bi\u1ec7t n\u00e0y \u0111\u1ec3 chuy\u1ebfn bay c\u1ee7a b\u1ea1n tr\u1edf n\u00ean nh\u1eb9 nh\u00e0ng h\u01a1n!<\/span>[\/vc_column_text][vc_empty_space][vc_column_text css=&#8221;&#8221;]<\/p>\n<h3><span style=\"font-weight: 400;\">LI\u00caN H\u1ec6 NGAY CHO ROYAL BRUNEI \u0110\u1ec2 NH\u1eacN T\u01af V\u1ea4N K\u1ef8 C\u00c0NG<\/span><\/h3>\n<p><span style=\"font-weight: 400;\">V\u0103n ph\u00f2ng Royal Brunei Vietnam<\/span><\/p>\n<p><span style=\"font-weight: 400;\">115 V\u00f5 V\u0103n T\u1ea7n, P. V\u00f5 Th\u1ecb S\u00e1u, Q.3, TP.HCM<\/span><\/p>\n<p><span style=\"font-weight: 400;\"> Hotline: 0349.544.688 (zalo\/whatsapp)<\/span><\/p>\n<p><span style=\"font-weight: 400;\"> Email: SGNRES@rba.com.bn<\/span>[\/vc_column_text][\/vc_column][\/vc_row]<\/p>\n<\/div>","protected":false},"excerpt":{"rendered":"<p>[vc_row][vc_column][vc_column_text css=&#8221;&#8221;]B\u1ea1n \u0111ang chu\u1ea9n b\u1ecb h\u00e0nh trang cho chuy\u1ebfn du h\u1ecdc d\u00e0i ng\u00e0y t\u1ea1i Anh, \u00dac hay Nh\u1eadt B\u1ea3n? \u0110\u1eebng lo l\u1eafng v\u1ec1 vi\u1ec7c ph\u1ea3i b\u1ecf l\u1ea1i nh\u1eefng quy\u1ec3n s\u00e1ch y\u00eau th\u00edch, b\u1ed9 trang ph\u1ee5c truy\u1ec1n th\u1ed1ng hay c\u1ea3 nh\u1eefng g\u00f3i gia v\u1ecb Vi\u1ec7t Nam. Royal Brunei Airlines mang \u0111\u1ebfn<\/p>\n","protected":false},"author":37,"featured_media":32790,"parent":380,"menu_order":0,"comment_status":"closed","ping_status":"closed","template":"custom-templates\/default-custom-template.php","meta":{"_acf_changed":false,"footnotes":""},"class_list":["post-32786","page","type-page","status-publish","has-post-thumbnail","hentry","post-single border-bottom"],"yoast_head":"<!-- This site is optimized with the Yoast SEO plugin v27.3 - https:\/\/yoast.com\/product\/yoast-seo-wordpress\/ -->\n<title>T\u1eb6NG NGAY 15KG H\u00c0NH L\u00dd K\u00dd G\u1eecI - TH\u1eceA S\u1ee8C MANG THEO C\u1ea2 &quot;NH\u00c0&quot; \u0110\u1ebeN CH\u00c2N TR\u1edcI M\u1edaI - Vietnam<\/title>\n<meta name=\"robots\" content=\"index, follow, max-snippet:-1, max-image-preview:large, max-video-preview:-1\" \/>\n<meta property=\"og:locale\" content=\"en_US\" \/>\n<meta property=\"og:type\" content=\"article\" \/>\n<meta property=\"og:title\" content=\"T\u1eb6NG NGAY 15KG H\u00c0NH L\u00dd K\u00dd G\u1eecI - TH\u1eceA S\u1ee8C MANG THEO C\u1ea2 &quot;NH\u00c0&quot; \u0110\u1ebeN CH\u00c2N TR\u1edcI M\u1edaI - Vietnam\" \/>\n<meta property=\"og:description\" content=\"[vc_row][vc_column][vc_column_text css=&#8221;&#8221;]B\u1ea1n \u0111ang chu\u1ea9n b\u1ecb h\u00e0nh trang cho chuy\u1ebfn du h\u1ecdc d\u00e0i ng\u00e0y t\u1ea1i Anh, \u00dac hay Nh\u1eadt B\u1ea3n? \u0110\u1eebng lo l\u1eafng v\u1ec1 vi\u1ec7c ph\u1ea3i b\u1ecf l\u1ea1i nh\u1eefng quy\u1ec3n s\u00e1ch y\u00eau th\u00edch, b\u1ed9 trang ph\u1ee5c truy\u1ec1n th\u1ed1ng hay c\u1ea3 nh\u1eefng g\u00f3i gia v\u1ecb Vi\u1ec7t Nam. Royal Brunei Airlines mang \u0111\u1ebfn\" \/>\n<meta property=\"og:url\" content=\"https:\/\/www.flyroyalbrunei.com\/vietnam\/en\/book-manage\/tang-ngay-15kg-hanh-ly-ky-gui-thoa-suc-mang-theo-ca-nha-den-chan-troi-moi\/\" \/>\n<meta property=\"og:site_name\" content=\"Vietnam\" \/>\n<meta property=\"article:modified_time\" content=\"2025-09-29T05:54:10+00:00\" \/>\n<meta property=\"og:image\" content=\"https:\/\/www.flyroyalbrunei.com\/vietnam\/wp-content\/uploads\/sites\/118\/2025\/09\/Student-Baggage-Policy-SGN-455x236-1.png\" \/>\n\t<meta property=\"og:image:width\" content=\"455\" \/>\n\t<meta property=\"og:image:height\" content=\"236\" \/>\n\t<meta property=\"og:image:type\" content=\"image\/png\" \/>\n<meta name=\"twitter:card\" content=\"summary_large_image\" \/>\n<meta name=\"twitter:label1\" content=\"Est. reading time\" \/>\n\t<meta name=\"twitter:data1\" content=\"3 minutes\" \/>\n<script type=\"application\/ld+json\" class=\"yoast-schema-graph\">{\"@context\":\"https:\\\/\\\/schema.org\",\"@graph\":[{\"@type\":\"WebPage\",\"@id\":\"https:\\\/\\\/www.flyroyalbrunei.com\\\/vietnam\\\/en\\\/book-manage\\\/tang-ngay-15kg-hanh-ly-ky-gui-thoa-suc-mang-theo-ca-nha-den-chan-troi-moi\\\/\",\"url\":\"https:\\\/\\\/www.flyroyalbrunei.com\\\/vietnam\\\/en\\\/book-manage\\\/tang-ngay-15kg-hanh-ly-ky-gui-thoa-suc-mang-theo-ca-nha-den-chan-troi-moi\\\/\",\"name\":\"T\u1eb6NG NGAY 15KG H\u00c0NH L\u00dd K\u00dd G\u1eecI - TH\u1eceA S\u1ee8C MANG THEO C\u1ea2 \\\"NH\u00c0\\\" \u0110\u1ebeN CH\u00c2N TR\u1edcI M\u1edaI - Vietnam\",\"isPartOf\":{\"@id\":\"https:\\\/\\\/www.flyroyalbrunei.com\\\/vietnam\\\/en\\\/#website\"},\"primaryImageOfPage\":{\"@id\":\"https:\\\/\\\/www.flyroyalbrunei.com\\\/vietnam\\\/en\\\/book-manage\\\/tang-ngay-15kg-hanh-ly-ky-gui-thoa-suc-mang-theo-ca-nha-den-chan-troi-moi\\\/#primaryimage\"},\"image\":{\"@id\":\"https:\\\/\\\/www.flyroyalbrunei.com\\\/vietnam\\\/en\\\/book-manage\\\/tang-ngay-15kg-hanh-ly-ky-gui-thoa-suc-mang-theo-ca-nha-den-chan-troi-moi\\\/#primaryimage\"},\"thumbnailUrl\":\"https:\\\/\\\/www.flyroyalbrunei.com\\\/vietnam\\\/wp-content\\\/uploads\\\/sites\\\/118\\\/2025\\\/09\\\/Student-Baggage-Policy-SGN-455x236-1.png\",\"datePublished\":\"2025-09-29T05:43:34+00:00\",\"dateModified\":\"2025-09-29T05:54:10+00:00\",\"breadcrumb\":{\"@id\":\"https:\\\/\\\/www.flyroyalbrunei.com\\\/vietnam\\\/en\\\/book-manage\\\/tang-ngay-15kg-hanh-ly-ky-gui-thoa-suc-mang-theo-ca-nha-den-chan-troi-moi\\\/#breadcrumb\"},\"inLanguage\":\"en-US\",\"potentialAction\":[{\"@type\":\"ReadAction\",\"target\":[\"https:\\\/\\\/www.flyroyalbrunei.com\\\/vietnam\\\/en\\\/book-manage\\\/tang-ngay-15kg-hanh-ly-ky-gui-thoa-suc-mang-theo-ca-nha-den-chan-troi-moi\\\/\"]}]},{\"@type\":\"ImageObject\",\"inLanguage\":\"en-US\",\"@id\":\"https:\\\/\\\/www.flyroyalbrunei.com\\\/vietnam\\\/en\\\/book-manage\\\/tang-ngay-15kg-hanh-ly-ky-gui-thoa-suc-mang-theo-ca-nha-den-chan-troi-moi\\\/#primaryimage\",\"url\":\"https:\\\/\\\/www.flyroyalbrunei.com\\\/vietnam\\\/wp-content\\\/uploads\\\/sites\\\/118\\\/2025\\\/09\\\/Student-Baggage-Policy-SGN-455x236-1.png\",\"contentUrl\":\"https:\\\/\\\/www.flyroyalbrunei.com\\\/vietnam\\\/wp-content\\\/uploads\\\/sites\\\/118\\\/2025\\\/09\\\/Student-Baggage-Policy-SGN-455x236-1.png\",\"width\":455,\"height\":236},{\"@type\":\"BreadcrumbList\",\"@id\":\"https:\\\/\\\/www.flyroyalbrunei.com\\\/vietnam\\\/en\\\/book-manage\\\/tang-ngay-15kg-hanh-ly-ky-gui-thoa-suc-mang-theo-ca-nha-den-chan-troi-moi\\\/#breadcrumb\",\"itemListElement\":[{\"@type\":\"ListItem\",\"position\":1,\"name\":\"Home\",\"item\":\"https:\\\/\\\/www.flyroyalbrunei.com\\\/vietnam\\\/en\\\/\"},{\"@type\":\"ListItem\",\"position\":2,\"name\":\"Book &#038; Manage\",\"item\":\"https:\\\/\\\/www.flyroyalbrunei.com\\\/vietnam\\\/book-manage\\\/\"},{\"@type\":\"ListItem\",\"position\":3,\"name\":\"T\u1eb6NG NGAY 15KG H\u00c0NH L\u00dd K\u00dd G\u1eecI &#8211; TH\u1eceA S\u1ee8C MANG THEO C\u1ea2 &#8220;NH\u00c0&#8221; \u0110\u1ebeN CH\u00c2N TR\u1edcI M\u1edaI\"}]},{\"@type\":\"WebSite\",\"@id\":\"https:\\\/\\\/www.flyroyalbrunei.com\\\/vietnam\\\/en\\\/#website\",\"url\":\"https:\\\/\\\/www.flyroyalbrunei.com\\\/vietnam\\\/en\\\/\",\"name\":\"Vietnam\",\"description\":\"\",\"potentialAction\":[{\"@type\":\"SearchAction\",\"target\":{\"@type\":\"EntryPoint\",\"urlTemplate\":\"https:\\\/\\\/www.flyroyalbrunei.com\\\/vietnam\\\/en\\\/?s={search_term_string}\"},\"query-input\":{\"@type\":\"PropertyValueSpecification\",\"valueRequired\":true,\"valueName\":\"search_term_string\"}}],\"inLanguage\":\"en-US\"}]}<\/script>\n<!-- \/ Yoast SEO plugin. -->","yoast_head_json":{"title":"T\u1eb6NG NGAY 15KG H\u00c0NH L\u00dd K\u00dd G\u1eecI - TH\u1eceA S\u1ee8C MANG THEO C\u1ea2 \"NH\u00c0\" \u0110\u1ebeN CH\u00c2N TR\u1edcI M\u1edaI - Vietnam","robots":{"index":"index","follow":"follow","max-snippet":"max-snippet:-1","max-image-preview":"max-image-preview:large","max-video-preview":"max-video-preview:-1"},"og_locale":"en_US","og_type":"article","og_title":"T\u1eb6NG NGAY 15KG H\u00c0NH L\u00dd K\u00dd G\u1eecI - TH\u1eceA S\u1ee8C MANG THEO C\u1ea2 \"NH\u00c0\" \u0110\u1ebeN CH\u00c2N TR\u1edcI M\u1edaI - Vietnam","og_description":"[vc_row][vc_column][vc_column_text css=&#8221;&#8221;]B\u1ea1n \u0111ang chu\u1ea9n b\u1ecb h\u00e0nh trang cho chuy\u1ebfn du h\u1ecdc d\u00e0i ng\u00e0y t\u1ea1i Anh, \u00dac hay Nh\u1eadt B\u1ea3n? \u0110\u1eebng lo l\u1eafng v\u1ec1 vi\u1ec7c ph\u1ea3i b\u1ecf l\u1ea1i nh\u1eefng quy\u1ec3n s\u00e1ch y\u00eau th\u00edch, b\u1ed9 trang ph\u1ee5c truy\u1ec1n th\u1ed1ng hay c\u1ea3 nh\u1eefng g\u00f3i gia v\u1ecb Vi\u1ec7t Nam. Royal Brunei Airlines mang \u0111\u1ebfn","og_url":"https:\/\/www.flyroyalbrunei.com\/vietnam\/en\/book-manage\/tang-ngay-15kg-hanh-ly-ky-gui-thoa-suc-mang-theo-ca-nha-den-chan-troi-moi\/","og_site_name":"Vietnam","article_modified_time":"2025-09-29T05:54:10+00:00","og_image":[{"width":455,"height":236,"url":"https:\/\/www.flyroyalbrunei.com\/vietnam\/wp-content\/uploads\/sites\/118\/2025\/09\/Student-Baggage-Policy-SGN-455x236-1.png","type":"image\/png"}],"twitter_card":"summary_large_image","twitter_misc":{"Est. reading time":"3 minutes"},"schema":{"@context":"https:\/\/schema.org","@graph":[{"@type":"WebPage","@id":"https:\/\/www.flyroyalbrunei.com\/vietnam\/en\/book-manage\/tang-ngay-15kg-hanh-ly-ky-gui-thoa-suc-mang-theo-ca-nha-den-chan-troi-moi\/","url":"https:\/\/www.flyroyalbrunei.com\/vietnam\/en\/book-manage\/tang-ngay-15kg-hanh-ly-ky-gui-thoa-suc-mang-theo-ca-nha-den-chan-troi-moi\/","name":"T\u1eb6NG NGAY 15KG H\u00c0NH L\u00dd K\u00dd G\u1eecI - TH\u1eceA S\u1ee8C MANG THEO C\u1ea2 \"NH\u00c0\" \u0110\u1ebeN CH\u00c2N TR\u1edcI M\u1edaI - Vietnam","isPartOf":{"@id":"https:\/\/www.flyroyalbrunei.com\/vietnam\/en\/#website"},"primaryImageOfPage":{"@id":"https:\/\/www.flyroyalbrunei.com\/vietnam\/en\/book-manage\/tang-ngay-15kg-hanh-ly-ky-gui-thoa-suc-mang-theo-ca-nha-den-chan-troi-moi\/#primaryimage"},"image":{"@id":"https:\/\/www.flyroyalbrunei.com\/vietnam\/en\/book-manage\/tang-ngay-15kg-hanh-ly-ky-gui-thoa-suc-mang-theo-ca-nha-den-chan-troi-moi\/#primaryimage"},"thumbnailUrl":"https:\/\/www.flyroyalbrunei.com\/vietnam\/wp-content\/uploads\/sites\/118\/2025\/09\/Student-Baggage-Policy-SGN-455x236-1.png","datePublished":"2025-09-29T05:43:34+00:00","dateModified":"2025-09-29T05:54:10+00:00","breadcrumb":{"@id":"https:\/\/www.flyroyalbrunei.com\/vietnam\/en\/book-manage\/tang-ngay-15kg-hanh-ly-ky-gui-thoa-suc-mang-theo-ca-nha-den-chan-troi-moi\/#breadcrumb"},"inLanguage":"en-US","potentialAction":[{"@type":"ReadAction","target":["https:\/\/www.flyroyalbrunei.com\/vietnam\/en\/book-manage\/tang-ngay-15kg-hanh-ly-ky-gui-thoa-suc-mang-theo-ca-nha-den-chan-troi-moi\/"]}]},{"@type":"ImageObject","inLanguage":"en-US","@id":"https:\/\/www.flyroyalbrunei.com\/vietnam\/en\/book-manage\/tang-ngay-15kg-hanh-ly-ky-gui-thoa-suc-mang-theo-ca-nha-den-chan-troi-moi\/#primaryimage","url":"https:\/\/www.flyroyalbrunei.com\/vietnam\/wp-content\/uploads\/sites\/118\/2025\/09\/Student-Baggage-Policy-SGN-455x236-1.png","contentUrl":"https:\/\/www.flyroyalbrunei.com\/vietnam\/wp-content\/uploads\/sites\/118\/2025\/09\/Student-Baggage-Policy-SGN-455x236-1.png","width":455,"height":236},{"@type":"BreadcrumbList","@id":"https:\/\/www.flyroyalbrunei.com\/vietnam\/en\/book-manage\/tang-ngay-15kg-hanh-ly-ky-gui-thoa-suc-mang-theo-ca-nha-den-chan-troi-moi\/#breadcrumb","itemListElement":[{"@type":"ListItem","position":1,"name":"Home","item":"https:\/\/www.flyroyalbrunei.com\/vietnam\/en\/"},{"@type":"ListItem","position":2,"name":"Book &#038; Manage","item":"https:\/\/www.flyroyalbrunei.com\/vietnam\/book-manage\/"},{"@type":"ListItem","position":3,"name":"T\u1eb6NG NGAY 15KG H\u00c0NH L\u00dd K\u00dd G\u1eecI &#8211; TH\u1eceA S\u1ee8C MANG THEO C\u1ea2 &#8220;NH\u00c0&#8221; \u0110\u1ebeN CH\u00c2N TR\u1edcI M\u1edaI"}]},{"@type":"WebSite","@id":"https:\/\/www.flyroyalbrunei.com\/vietnam\/en\/#website","url":"https:\/\/www.flyroyalbrunei.com\/vietnam\/en\/","name":"Vietnam","description":"","potentialAction":[{"@type":"SearchAction","target":{"@type":"EntryPoint","urlTemplate":"https:\/\/www.flyroyalbrunei.com\/vietnam\/en\/?s={search_term_string}"},"query-input":{"@type":"PropertyValueSpecification","valueRequired":true,"valueName":"search_term_string"}}],"inLanguage":"en-US"}]}},"acf":[],"_links":{"self":[{"href":"https:\/\/www.flyroyalbrunei.com\/vietnam\/en\/wp-json\/wp\/v2\/pages\/32786","targetHints":{"allow":["GET"]}}],"collection":[{"href":"https:\/\/www.flyroyalbrunei.com\/vietnam\/en\/wp-json\/wp\/v2\/pages"}],"about":[{"href":"https:\/\/www.flyroyalbrunei.com\/vietnam\/en\/wp-json\/wp\/v2\/types\/page"}],"author":[{"embeddable":true,"href":"https:\/\/www.flyroyalbrunei.com\/vietnam\/en\/wp-json\/wp\/v2\/users\/37"}],"replies":[{"embeddable":true,"href":"https:\/\/www.flyroyalbrunei.com\/vietnam\/en\/wp-json\/wp\/v2\/comments?post=32786"}],"version-history":[{"count":3,"href":"https:\/\/www.flyroyalbrunei.com\/vietnam\/en\/wp-json\/wp\/v2\/pages\/32786\/revisions"}],"predecessor-version":[{"id":32802,"href":"https:\/\/www.flyroyalbrunei.com\/vietnam\/en\/wp-json\/wp\/v2\/pages\/32786\/revisions\/32802"}],"up":[{"embeddable":true,"href":"https:\/\/www.flyroyalbrunei.com\/vietnam\/en\/wp-json\/wp\/v2\/pages\/380"}],"wp:featuredmedia":[{"embeddable":true,"href":"https:\/\/www.flyroyalbrunei.com\/vietnam\/en\/wp-json\/wp\/v2\/media\/32790"}],"wp:attachment":[{"href":"https:\/\/www.flyroyalbrunei.com\/vietnam\/en\/wp-json\/wp\/v2\/media?parent=32786"}],"curies":[{"name":"wp","href":"https:\/\/api.w.org\/{rel}","templated":true}]}}