{"id":32804,"date":"2025-09-29T14:00:44","date_gmt":"2025-09-29T06:00:44","guid":{"rendered":"https:\/\/www.flyroyalbrunei.com\/vietnam\/?page_id=32804"},"modified":"2026-04-07T10:53:46","modified_gmt":"2026-04-07T02:53:46","slug":"kham-pha-ve-dep-bi-an-cua-brunei-voi-trai-nghiem-dung-chan-mien-phi","status":"publish","type":"page","link":"https:\/\/www.flyroyalbrunei.com\/vietnam\/en\/book-manage\/stopover-in-brunei\/kham-pha-ve-dep-bi-an-cua-brunei-voi-trai-nghiem-dung-chan-mien-phi\/","title":{"rendered":"KH\u00c1M PH\u00c1 V\u1eba \u0110\u1eb8P B\u00cd \u1ea8N C\u1ee6A BRUNEI V\u1edaI TR\u1ea2I NGHI\u1ec6M D\u1eeaNG CH\u00c2N MI\u1ec4N PH\u00cd"},"content":{"rendered":"<div class=\"wpb-content-wrapper\"><p>[vc_row][vc_column][vc_column_text css=&#8221;&#8221;]<span style=\"font-weight: 400\">Royal Brunei Airlines xin gi\u1edbi thi\u1ec7u ch\u01b0\u01a1ng tr\u00ecnh D\u1eebng ch\u00e2n H\u1ea5p d\u1eabn (STPC): T\u1eb7ng b\u1ea1n 1 \u0111\u00eam kh\u00e1ch s\u1ea1n mi\u1ec5n ph\u00ed khi qu\u00e1 c\u1ea3nh t\u1ea1i Brunei. \u0110\u00e2y l\u00e0 c\u01a1 h\u1ed9i ho\u00e0n h\u1ea3o \u0111\u1ec3 b\u1ea1n kh\u00e1m ph\u00e1 &#8220;V\u01b0\u01a1ng qu\u1ed1c H\u00f2a b\u00ecnh&#8221; tr\u00ean h\u00e0nh tr\u00ecnh bay \u0111\u1ebfn nh\u1eefng \u0111i\u1ec3m \u0111\u1ebfn m\u01a1 \u01b0\u1edbc.<\/span>[\/vc_column_text][vc_empty_space][vc_single_image image=&#8221;33967&#8243; img_size=&#8221;full&#8221; css=&#8221;&#8221;][vc_empty_space][vc_column_text css=&#8221;&#8221;]<\/p>\n<h3><b>H\u00c0NH TR\u00ccNH \u00c1P D\u1ee4NG<\/b><\/h3>\n<p><span style=\"font-weight: 400\">\u01afu \u0111\u00e3i \u00e1p d\u1ee5ng cho c\u00e1c ch\u1eb7ng bay t\u1eeb S\u00e0i G\u00f2n (SGN) \u0111\u1ebfn c\u00e1c \u0111i\u1ec3m \u0111\u1ebfn sau:<\/span><\/p>\n<ul>\n<li style=\"font-weight: 400\"><span style=\"font-weight: 400\">Jakarta<\/span><\/li>\n<li style=\"font-weight: 400\"><span style=\"font-weight: 400\">Tokyo<\/span><\/li>\n<li style=\"font-weight: 400\"><span style=\"font-weight: 400\">Surabaya<\/span><\/li>\n<li style=\"font-weight: 400\"><span style=\"font-weight: 400\">Melbourne<\/span><\/li>\n<li style=\"font-weight: 400\"><span style=\"font-weight: 400\">Dubai<\/span><\/li>\n<li style=\"font-weight: 400\"><span style=\"font-weight: 400\">London<\/span><\/li>\n<li style=\"font-weight: 400\"><span style=\"font-weight: 400\">Chennai<\/span><\/li>\n<\/ul>\n<p>&nbsp;<\/p>\n<p><span style=\"font-weight: 400\">(L\u01b0u \u00fd: \u01afu \u0111\u00e3i \u00e1p d\u1ee5ng cho c\u1ea3 chi\u1ec1u \u0111i v\u00e0 chi\u1ec1u v\u1ec1).<\/span>[\/vc_column_text][vc_empty_space][vc_column_text css=&#8221;&#8221;]<\/p>\n<h3><b>\u0110I\u1ec0U KI\u1ec6N \u00c1P D\u1ee4NG<\/b><\/h3>\n<p><span data-olk-copy-source=\"MessageBody\"> V\u00e9 \u0111\u1eb7t trong th\u1eddi gian t\u1eeb\u00a04\/3\/2026 \u0111\u1ebfn 30\/9\/2026.<\/span><\/p>\n<ul>\n<li style=\"font-weight: 400\"><span style=\"font-weight: 400\">Th\u1eddi gian qu\u00e1 c\u1ea3nh: T\u1eeb 8 gi\u1edd \u0111\u1ebfn d\u01b0\u1edbi 24 gi\u1edd t\u1ea1i S\u00e2n bay Qu\u1ed1c t\u1ebf Brunei (BWN).<\/span><\/li>\n<li style=\"font-weight: 400\"><span style=\"font-weight: 400\">Lo\u1ea1i v\u00e9: \u00c1p d\u1ee5ng cho t\u1ea5t c\u1ea3 c\u00e1c h\u1ea1ng v\u00e9, tr\u1eeb c\u00e1c lo\u1ea1i sau: Nh\u00f3m, RB Super Saver, v\u00e9 kh\u00f4ng do th\u01b0\u01a1ng m\u1ea1i (v\u00e9 \u0111\u1ed5i \u0111i\u1ec3m, v\u00e9 nh\u00e2n vi\u00ean&#8230;).<\/span><\/li>\n<li style=\"font-weight: 400\"><span style=\"font-weight: 400\">\u0110\u0103ng k\u00fd tr\u01b0\u1edbc: Y\u00eau c\u1ea7u \u0111\u1eb7t ch\u1ed7 STPC ph\u1ea3i \u0111\u01b0\u1ee3c th\u1ef1c hi\u1ec7n \u00edt nh\u1ea5t 05 ng\u00e0y l\u00e0m vi\u1ec7c tr\u01b0\u1edbc ng\u00e0y b\u1ea1n \u0111\u1ebfn Brunei.<\/span><\/li>\n<li style=\"font-weight: 400\"><span style=\"font-weight: 400\">M\u1ed7i \u0111\u1eb7t ch\u1ed7: Ch\u1ec9 \u0111\u01b0\u1ee3c \u00e1p d\u1ee5ng 01 \u0111\u00eam STPC cho m\u1ed9t h\u00e0nh tr\u00ecnh (chi\u1ec1u \u0111i ho\u1eb7c chi\u1ec1u v\u1ec1).<\/span><\/li>\n<\/ul>\n<p>[\/vc_column_text][vc_empty_space][vc_column_text css=&#8221;&#8221;]<\/p>\n<h3><b>CH\u00cdNH S\u00c1CH BAO G\u1ed2M<\/b><\/h3>\n<ul>\n<li style=\"font-weight: 400\"><span style=\"font-weight: 400\">01 \u0111\u00eam l\u01b0u tr\u00fa mi\u1ec5n ph\u00ed cho m\u1ed9t ph\u00f2ng, \u0111\u00e3 bao g\u1ed3m thu\u1ebf v\u00e0 ph\u00ed d\u1ecbch v\u1ee5 kh\u00e1ch s\u1ea1n.<\/span><\/li>\n<li style=\"font-weight: 400\"><span style=\"font-weight: 400\">B\u1eefa s\u00e1ng th\u1ecbnh so\u1ea1n \u0111\u01b0\u1ee3c ph\u1ee5c v\u1ee5 t\u1ea1i nh\u00e0 h\u00e0ng c\u1ee7a kh\u00e1ch s\u1ea1n.<\/span><\/li>\n<li style=\"font-weight: 400\"><span style=\"font-weight: 400\">\u0110\u01b0a \u0111\u00f3n hai chi\u1ec1u gi\u1eefa s\u00e2n bay v\u00e0 kh\u00e1ch s\u1ea1n.<\/span><\/li>\n<\/ul>\n<p><span style=\"font-weight: 400\">C\u00e1c kh\u00e1ch s\u1ea1n \u0111\u01b0\u1ee3c l\u1ef1a ch\u1ecdn:<\/span><\/p>\n<ul>\n<li style=\"font-weight: 400\"><span style=\"font-weight: 400\">Badi\u2019ah Hotel<\/span><\/li>\n<li style=\"font-weight: 400\"><span style=\"font-weight: 400\">Wafa Hotel<\/span><\/li>\n<li style=\"font-weight: 400\"><span style=\"font-weight: 400\">Mulia Hotel (trong tr\u01b0\u1eddng h\u1ee3p hai kh\u00e1ch s\u1ea1n tr\u00ean \u0111\u00e3 k\u00edn ch\u1ed7)<\/span><\/li>\n<\/ul>\n<p>[\/vc_column_text][vc_empty_space][vc_column_text css=&#8221;&#8221;]<\/p>\n<h3><b>L\u00c0M TH\u1ebe N\u00c0O \u0110\u1ec2 \u0110\u0102NG K\u00dd?<\/b><\/h3>\n<p><span style=\"font-weight: 400\">Quy tr\u00ecnh \u0111\u0103ng k\u00fd \u01b0u \u0111\u00e3i STPC v\u00f4 c\u00f9ng \u0111\u01a1n gi\u1ea3n:<\/span><\/p>\n<p>&nbsp;<\/p>\n<ol>\n<li style=\"font-weight: 400\"><span style=\"font-weight: 400\">\u0110\u1eb7t v\u00e9 chuy\u1ebfn bay Royal Brunei Airlines c\u00f3 qu\u00e1 c\u1ea3nh t\u1ea1i Brunei (BWN) v\u1edbi th\u1eddi gian ph\u00f9 h\u1ee3p.<\/span><\/li>\n<li style=\"font-weight: 400\"><span style=\"font-weight: 400\">Li\u00ean h\u1ec7 tr\u1ef1c ti\u1ebfp v\u1edbi V\u0103n ph\u00f2ng Royal Brunei Airlines Vietnam.<\/span><\/li>\n<li style=\"font-weight: 400\"><span style=\"font-weight: 400\">Y\u00eau c\u1ea7u: Cung c\u1ea5p th\u00f4ng tin \u0111\u1eb7t ch\u1ed7 v\u00e0 y\u00eau c\u1ea7u \u0111\u0103ng k\u00fd d\u1ecbch v\u1ee5 STPC \u00edt nh\u1ea5t 05 ng\u00e0y l\u00e0m vi\u1ec7c tr\u01b0\u1edbc chuy\u1ebfn bay.<\/span><\/li>\n<\/ol>\n<p>&nbsp;<\/p>\n<p><span style=\"font-weight: 400\">L\u01b0u \u00fd quan tr\u1ecdng: Qu\u00fd kh\u00e1ch vui l\u00f2ng t\u1ef1 \u0111\u1ea3m b\u1ea3o c\u00e1c y\u00eau c\u1ea7u v\u1ec1 visa qu\u00e1 c\u1ea3nh (n\u1ebfu c\u1ea7n) v\u00e0 m\u1ecdi chi ph\u00ed ph\u00e1t sinh kh\u00e1c trong th\u1eddi gian d\u1eebng ch\u00e2n.<\/span>[\/vc_column_text][vc_empty_space][vc_column_text css=&#8221;&#8221;]<\/p>\n<h3><b>LI\u00caN H\u1ec6 NGAY CHO ROYAL BRUNEI \u0110\u1ec2 NH\u1eacN T\u01af V\u1ea4N K\u1ef8 C\u00c0NG<\/b><\/h3>\n<p><span style=\"font-weight: 400\">V\u0103n ph\u00f2ng Royal Brunei Vietnam<\/span><\/p>\n<p><span style=\"font-weight: 400\">115 V\u00f5 V\u0103n T\u1ea7n, P. V\u00f5 Th\u1ecb S\u00e1u, Q.3, TP.HCM<\/span><\/p>\n<p><span style=\"font-weight: 400\"> Hotline: <span data-olk-copy-source=\"MessageBody\">0986.05.05.44<\/span> (zalo\/whatsapp)<\/span><\/p>\n<p><span style=\"font-weight: 400\"> Email: SGNRES@rba.com.bn<\/span>[\/vc_column_text][\/vc_column][\/vc_row]<\/p>\n<\/div>","protected":false},"excerpt":{"rendered":"<p>[vc_row][vc_column][vc_column_text css=&#8221;&#8221;]Royal Brunei Airlines xin gi\u1edbi thi\u1ec7u ch\u01b0\u01a1ng tr\u00ecnh D\u1eebng ch\u00e2n H\u1ea5p d\u1eabn (STPC): T\u1eb7ng b\u1ea1n 1 \u0111\u00eam kh\u00e1ch s\u1ea1n mi\u1ec5n ph\u00ed khi qu\u00e1 c\u1ea3nh t\u1ea1i Brunei. \u0110\u00e2y l\u00e0 c\u01a1 h\u1ed9i ho\u00e0n h\u1ea3o \u0111\u1ec3 b\u1ea1n kh\u00e1m ph\u00e1 &#8220;V\u01b0\u01a1ng qu\u1ed1c H\u00f2a b\u00ecnh&#8221; tr\u00ean h\u00e0nh tr\u00ecnh bay \u0111\u1ebfn nh\u1eefng \u0111i\u1ec3m \u0111\u1ebfn m\u01a1<\/p>\n","protected":false},"author":37,"featured_media":32817,"parent":31241,"menu_order":0,"comment_status":"closed","ping_status":"closed","template":"custom-templates\/default-custom-template.php","meta":{"_acf_changed":false,"footnotes":""},"class_list":["post-32804","page","type-page","status-publish","has-post-thumbnail","hentry","post-single border-bottom"],"yoast_head":"<!-- This site is optimized with the Yoast SEO plugin v27.4 - https:\/\/yoast.com\/product\/yoast-seo-wordpress\/ -->\n<title>KH\u00c1M PH\u00c1 V\u1eba \u0110\u1eb8P B\u00cd \u1ea8N C\u1ee6A BRUNEI V\u1edaI TR\u1ea2I NGHI\u1ec6M D\u1eeaNG CH\u00c2N MI\u1ec4N PH\u00cd - Vietnam<\/title>\n<meta name=\"robots\" content=\"index, follow, max-snippet:-1, max-image-preview:large, max-video-preview:-1\" \/>\n<meta property=\"og:locale\" content=\"en_US\" \/>\n<meta property=\"og:type\" content=\"article\" \/>\n<meta property=\"og:title\" content=\"KH\u00c1M PH\u00c1 V\u1eba \u0110\u1eb8P B\u00cd \u1ea8N C\u1ee6A BRUNEI V\u1edaI TR\u1ea2I NGHI\u1ec6M D\u1eeaNG CH\u00c2N MI\u1ec4N PH\u00cd - Vietnam\" \/>\n<meta property=\"og:description\" content=\"[vc_row][vc_column][vc_column_text css=&#8221;&#8221;]Royal Brunei Airlines xin gi\u1edbi thi\u1ec7u ch\u01b0\u01a1ng tr\u00ecnh D\u1eebng ch\u00e2n H\u1ea5p d\u1eabn (STPC): T\u1eb7ng b\u1ea1n 1 \u0111\u00eam kh\u00e1ch s\u1ea1n mi\u1ec5n ph\u00ed khi qu\u00e1 c\u1ea3nh t\u1ea1i Brunei. \u0110\u00e2y l\u00e0 c\u01a1 h\u1ed9i ho\u00e0n h\u1ea3o \u0111\u1ec3 b\u1ea1n kh\u00e1m ph\u00e1 &#8220;V\u01b0\u01a1ng qu\u1ed1c H\u00f2a b\u00ecnh&#8221; tr\u00ean h\u00e0nh tr\u00ecnh bay \u0111\u1ebfn nh\u1eefng \u0111i\u1ec3m \u0111\u1ebfn m\u01a1\" \/>\n<meta property=\"og:url\" content=\"https:\/\/www.flyroyalbrunei.com\/vietnam\/en\/book-manage\/stopover-in-brunei\/kham-pha-ve-dep-bi-an-cua-brunei-voi-trai-nghiem-dung-chan-mien-phi\/\" \/>\n<meta property=\"og:site_name\" content=\"Vietnam\" \/>\n<meta property=\"article:modified_time\" content=\"2026-04-07T02:53:46+00:00\" \/>\n<meta property=\"og:image\" content=\"https:\/\/www.flyroyalbrunei.com\/vietnam\/wp-content\/uploads\/sites\/118\/2025\/09\/STPC-SGN-455x236-1.png\" \/>\n\t<meta property=\"og:image:width\" content=\"455\" \/>\n\t<meta property=\"og:image:height\" content=\"236\" \/>\n\t<meta property=\"og:image:type\" content=\"image\/png\" \/>\n<meta name=\"twitter:card\" content=\"summary_large_image\" \/>\n<meta name=\"twitter:label1\" content=\"Est. reading time\" \/>\n\t<meta name=\"twitter:data1\" content=\"3 minutes\" \/>\n<script type=\"application\/ld+json\" class=\"yoast-schema-graph\">{\"@context\":\"https:\\\/\\\/schema.org\",\"@graph\":[{\"@type\":\"WebPage\",\"@id\":\"https:\\\/\\\/www.flyroyalbrunei.com\\\/vietnam\\\/en\\\/book-manage\\\/stopover-in-brunei\\\/kham-pha-ve-dep-bi-an-cua-brunei-voi-trai-nghiem-dung-chan-mien-phi\\\/\",\"url\":\"https:\\\/\\\/www.flyroyalbrunei.com\\\/vietnam\\\/en\\\/book-manage\\\/stopover-in-brunei\\\/kham-pha-ve-dep-bi-an-cua-brunei-voi-trai-nghiem-dung-chan-mien-phi\\\/\",\"name\":\"KH\u00c1M PH\u00c1 V\u1eba \u0110\u1eb8P B\u00cd \u1ea8N C\u1ee6A BRUNEI V\u1edaI TR\u1ea2I NGHI\u1ec6M D\u1eeaNG CH\u00c2N MI\u1ec4N PH\u00cd - Vietnam\",\"isPartOf\":{\"@id\":\"https:\\\/\\\/www.flyroyalbrunei.com\\\/vietnam\\\/en\\\/#website\"},\"primaryImageOfPage\":{\"@id\":\"https:\\\/\\\/www.flyroyalbrunei.com\\\/vietnam\\\/en\\\/book-manage\\\/stopover-in-brunei\\\/kham-pha-ve-dep-bi-an-cua-brunei-voi-trai-nghiem-dung-chan-mien-phi\\\/#primaryimage\"},\"image\":{\"@id\":\"https:\\\/\\\/www.flyroyalbrunei.com\\\/vietnam\\\/en\\\/book-manage\\\/stopover-in-brunei\\\/kham-pha-ve-dep-bi-an-cua-brunei-voi-trai-nghiem-dung-chan-mien-phi\\\/#primaryimage\"},\"thumbnailUrl\":\"https:\\\/\\\/www.flyroyalbrunei.com\\\/vietnam\\\/wp-content\\\/uploads\\\/sites\\\/118\\\/2025\\\/09\\\/STPC-SGN-455x236-1.png\",\"datePublished\":\"2025-09-29T06:00:44+00:00\",\"dateModified\":\"2026-04-07T02:53:46+00:00\",\"breadcrumb\":{\"@id\":\"https:\\\/\\\/www.flyroyalbrunei.com\\\/vietnam\\\/en\\\/book-manage\\\/stopover-in-brunei\\\/kham-pha-ve-dep-bi-an-cua-brunei-voi-trai-nghiem-dung-chan-mien-phi\\\/#breadcrumb\"},\"inLanguage\":\"en-US\",\"potentialAction\":[{\"@type\":\"ReadAction\",\"target\":[\"https:\\\/\\\/www.flyroyalbrunei.com\\\/vietnam\\\/en\\\/book-manage\\\/stopover-in-brunei\\\/kham-pha-ve-dep-bi-an-cua-brunei-voi-trai-nghiem-dung-chan-mien-phi\\\/\"]}]},{\"@type\":\"ImageObject\",\"inLanguage\":\"en-US\",\"@id\":\"https:\\\/\\\/www.flyroyalbrunei.com\\\/vietnam\\\/en\\\/book-manage\\\/stopover-in-brunei\\\/kham-pha-ve-dep-bi-an-cua-brunei-voi-trai-nghiem-dung-chan-mien-phi\\\/#primaryimage\",\"url\":\"https:\\\/\\\/www.flyroyalbrunei.com\\\/vietnam\\\/wp-content\\\/uploads\\\/sites\\\/118\\\/2025\\\/09\\\/STPC-SGN-455x236-1.png\",\"contentUrl\":\"https:\\\/\\\/www.flyroyalbrunei.com\\\/vietnam\\\/wp-content\\\/uploads\\\/sites\\\/118\\\/2025\\\/09\\\/STPC-SGN-455x236-1.png\",\"width\":455,\"height\":236},{\"@type\":\"BreadcrumbList\",\"@id\":\"https:\\\/\\\/www.flyroyalbrunei.com\\\/vietnam\\\/en\\\/book-manage\\\/stopover-in-brunei\\\/kham-pha-ve-dep-bi-an-cua-brunei-voi-trai-nghiem-dung-chan-mien-phi\\\/#breadcrumb\",\"itemListElement\":[{\"@type\":\"ListItem\",\"position\":1,\"name\":\"Home\",\"item\":\"https:\\\/\\\/www.flyroyalbrunei.com\\\/vietnam\\\/en\\\/\"},{\"@type\":\"ListItem\",\"position\":2,\"name\":\"Book &#038; Manage\",\"item\":\"https:\\\/\\\/www.flyroyalbrunei.com\\\/vietnam\\\/book-manage\\\/\"},{\"@type\":\"ListItem\",\"position\":3,\"name\":\"Stopover in Brunei\",\"item\":\"https:\\\/\\\/www.flyroyalbrunei.com\\\/vietnam\\\/en\\\/book-manage\\\/stopover-in-brunei\\\/\"},{\"@type\":\"ListItem\",\"position\":4,\"name\":\"KH\u00c1M PH\u00c1 V\u1eba \u0110\u1eb8P B\u00cd \u1ea8N C\u1ee6A BRUNEI V\u1edaI TR\u1ea2I NGHI\u1ec6M D\u1eeaNG CH\u00c2N MI\u1ec4N PH\u00cd\"}]},{\"@type\":\"WebSite\",\"@id\":\"https:\\\/\\\/www.flyroyalbrunei.com\\\/vietnam\\\/en\\\/#website\",\"url\":\"https:\\\/\\\/www.flyroyalbrunei.com\\\/vietnam\\\/en\\\/\",\"name\":\"Vietnam\",\"description\":\"\",\"potentialAction\":[{\"@type\":\"SearchAction\",\"target\":{\"@type\":\"EntryPoint\",\"urlTemplate\":\"https:\\\/\\\/www.flyroyalbrunei.com\\\/vietnam\\\/en\\\/?s={search_term_string}\"},\"query-input\":{\"@type\":\"PropertyValueSpecification\",\"valueRequired\":true,\"valueName\":\"search_term_string\"}}],\"inLanguage\":\"en-US\"}]}<\/script>\n<!-- \/ Yoast SEO plugin. -->","yoast_head_json":{"title":"KH\u00c1M PH\u00c1 V\u1eba \u0110\u1eb8P B\u00cd \u1ea8N C\u1ee6A BRUNEI V\u1edaI TR\u1ea2I NGHI\u1ec6M D\u1eeaNG CH\u00c2N MI\u1ec4N PH\u00cd - Vietnam","robots":{"index":"index","follow":"follow","max-snippet":"max-snippet:-1","max-image-preview":"max-image-preview:large","max-video-preview":"max-video-preview:-1"},"og_locale":"en_US","og_type":"article","og_title":"KH\u00c1M PH\u00c1 V\u1eba \u0110\u1eb8P B\u00cd \u1ea8N C\u1ee6A BRUNEI V\u1edaI TR\u1ea2I NGHI\u1ec6M D\u1eeaNG CH\u00c2N MI\u1ec4N PH\u00cd - Vietnam","og_description":"[vc_row][vc_column][vc_column_text css=&#8221;&#8221;]Royal Brunei Airlines xin gi\u1edbi thi\u1ec7u ch\u01b0\u01a1ng tr\u00ecnh D\u1eebng ch\u00e2n H\u1ea5p d\u1eabn (STPC): T\u1eb7ng b\u1ea1n 1 \u0111\u00eam kh\u00e1ch s\u1ea1n mi\u1ec5n ph\u00ed khi qu\u00e1 c\u1ea3nh t\u1ea1i Brunei. \u0110\u00e2y l\u00e0 c\u01a1 h\u1ed9i ho\u00e0n h\u1ea3o \u0111\u1ec3 b\u1ea1n kh\u00e1m ph\u00e1 &#8220;V\u01b0\u01a1ng qu\u1ed1c H\u00f2a b\u00ecnh&#8221; tr\u00ean h\u00e0nh tr\u00ecnh bay \u0111\u1ebfn nh\u1eefng \u0111i\u1ec3m \u0111\u1ebfn m\u01a1","og_url":"https:\/\/www.flyroyalbrunei.com\/vietnam\/en\/book-manage\/stopover-in-brunei\/kham-pha-ve-dep-bi-an-cua-brunei-voi-trai-nghiem-dung-chan-mien-phi\/","og_site_name":"Vietnam","article_modified_time":"2026-04-07T02:53:46+00:00","og_image":[{"width":455,"height":236,"url":"https:\/\/www.flyroyalbrunei.com\/vietnam\/wp-content\/uploads\/sites\/118\/2025\/09\/STPC-SGN-455x236-1.png","type":"image\/png"}],"twitter_card":"summary_large_image","twitter_misc":{"Est. reading time":"3 minutes"},"schema":{"@context":"https:\/\/schema.org","@graph":[{"@type":"WebPage","@id":"https:\/\/www.flyroyalbrunei.com\/vietnam\/en\/book-manage\/stopover-in-brunei\/kham-pha-ve-dep-bi-an-cua-brunei-voi-trai-nghiem-dung-chan-mien-phi\/","url":"https:\/\/www.flyroyalbrunei.com\/vietnam\/en\/book-manage\/stopover-in-brunei\/kham-pha-ve-dep-bi-an-cua-brunei-voi-trai-nghiem-dung-chan-mien-phi\/","name":"KH\u00c1M PH\u00c1 V\u1eba \u0110\u1eb8P B\u00cd \u1ea8N C\u1ee6A BRUNEI V\u1edaI TR\u1ea2I NGHI\u1ec6M D\u1eeaNG CH\u00c2N MI\u1ec4N PH\u00cd - Vietnam","isPartOf":{"@id":"https:\/\/www.flyroyalbrunei.com\/vietnam\/en\/#website"},"primaryImageOfPage":{"@id":"https:\/\/www.flyroyalbrunei.com\/vietnam\/en\/book-manage\/stopover-in-brunei\/kham-pha-ve-dep-bi-an-cua-brunei-voi-trai-nghiem-dung-chan-mien-phi\/#primaryimage"},"image":{"@id":"https:\/\/www.flyroyalbrunei.com\/vietnam\/en\/book-manage\/stopover-in-brunei\/kham-pha-ve-dep-bi-an-cua-brunei-voi-trai-nghiem-dung-chan-mien-phi\/#primaryimage"},"thumbnailUrl":"https:\/\/www.flyroyalbrunei.com\/vietnam\/wp-content\/uploads\/sites\/118\/2025\/09\/STPC-SGN-455x236-1.png","datePublished":"2025-09-29T06:00:44+00:00","dateModified":"2026-04-07T02:53:46+00:00","breadcrumb":{"@id":"https:\/\/www.flyroyalbrunei.com\/vietnam\/en\/book-manage\/stopover-in-brunei\/kham-pha-ve-dep-bi-an-cua-brunei-voi-trai-nghiem-dung-chan-mien-phi\/#breadcrumb"},"inLanguage":"en-US","potentialAction":[{"@type":"ReadAction","target":["https:\/\/www.flyroyalbrunei.com\/vietnam\/en\/book-manage\/stopover-in-brunei\/kham-pha-ve-dep-bi-an-cua-brunei-voi-trai-nghiem-dung-chan-mien-phi\/"]}]},{"@type":"ImageObject","inLanguage":"en-US","@id":"https:\/\/www.flyroyalbrunei.com\/vietnam\/en\/book-manage\/stopover-in-brunei\/kham-pha-ve-dep-bi-an-cua-brunei-voi-trai-nghiem-dung-chan-mien-phi\/#primaryimage","url":"https:\/\/www.flyroyalbrunei.com\/vietnam\/wp-content\/uploads\/sites\/118\/2025\/09\/STPC-SGN-455x236-1.png","contentUrl":"https:\/\/www.flyroyalbrunei.com\/vietnam\/wp-content\/uploads\/sites\/118\/2025\/09\/STPC-SGN-455x236-1.png","width":455,"height":236},{"@type":"BreadcrumbList","@id":"https:\/\/www.flyroyalbrunei.com\/vietnam\/en\/book-manage\/stopover-in-brunei\/kham-pha-ve-dep-bi-an-cua-brunei-voi-trai-nghiem-dung-chan-mien-phi\/#breadcrumb","itemListElement":[{"@type":"ListItem","position":1,"name":"Home","item":"https:\/\/www.flyroyalbrunei.com\/vietnam\/en\/"},{"@type":"ListItem","position":2,"name":"Book &#038; Manage","item":"https:\/\/www.flyroyalbrunei.com\/vietnam\/book-manage\/"},{"@type":"ListItem","position":3,"name":"Stopover in Brunei","item":"https:\/\/www.flyroyalbrunei.com\/vietnam\/en\/book-manage\/stopover-in-brunei\/"},{"@type":"ListItem","position":4,"name":"KH\u00c1M PH\u00c1 V\u1eba \u0110\u1eb8P B\u00cd \u1ea8N C\u1ee6A BRUNEI V\u1edaI TR\u1ea2I NGHI\u1ec6M D\u1eeaNG CH\u00c2N MI\u1ec4N PH\u00cd"}]},{"@type":"WebSite","@id":"https:\/\/www.flyroyalbrunei.com\/vietnam\/en\/#website","url":"https:\/\/www.flyroyalbrunei.com\/vietnam\/en\/","name":"Vietnam","description":"","potentialAction":[{"@type":"SearchAction","target":{"@type":"EntryPoint","urlTemplate":"https:\/\/www.flyroyalbrunei.com\/vietnam\/en\/?s={search_term_string}"},"query-input":{"@type":"PropertyValueSpecification","valueRequired":true,"valueName":"search_term_string"}}],"inLanguage":"en-US"}]}},"acf":[],"_links":{"self":[{"href":"https:\/\/www.flyroyalbrunei.com\/vietnam\/en\/wp-json\/wp\/v2\/pages\/32804","targetHints":{"allow":["GET"]}}],"collection":[{"href":"https:\/\/www.flyroyalbrunei.com\/vietnam\/en\/wp-json\/wp\/v2\/pages"}],"about":[{"href":"https:\/\/www.flyroyalbrunei.com\/vietnam\/en\/wp-json\/wp\/v2\/types\/page"}],"author":[{"embeddable":true,"href":"https:\/\/www.flyroyalbrunei.com\/vietnam\/en\/wp-json\/wp\/v2\/users\/37"}],"replies":[{"embeddable":true,"href":"https:\/\/www.flyroyalbrunei.com\/vietnam\/en\/wp-json\/wp\/v2\/comments?post=32804"}],"version-history":[{"count":7,"href":"https:\/\/www.flyroyalbrunei.com\/vietnam\/en\/wp-json\/wp\/v2\/pages\/32804\/revisions"}],"predecessor-version":[{"id":33969,"href":"https:\/\/www.flyroyalbrunei.com\/vietnam\/en\/wp-json\/wp\/v2\/pages\/32804\/revisions\/33969"}],"up":[{"embeddable":true,"href":"https:\/\/www.flyroyalbrunei.com\/vietnam\/en\/wp-json\/wp\/v2\/pages\/31241"}],"wp:featuredmedia":[{"embeddable":true,"href":"https:\/\/www.flyroyalbrunei.com\/vietnam\/en\/wp-json\/wp\/v2\/media\/32817"}],"wp:attachment":[{"href":"https:\/\/www.flyroyalbrunei.com\/vietnam\/en\/wp-json\/wp\/v2\/media?parent=32804"}],"curies":[{"name":"wp","href":"https:\/\/api.w.org\/{rel}","templated":true}]}}